{"id":88437,"date":"2023-06-09T19:22:43","date_gmt":"2023-06-09T17:22:43","guid":{"rendered":"https:\/\/new.socraft.ch\/?page_id=88437"},"modified":"2023-09-01T09:41:00","modified_gmt":"2023-09-01T07:41:00","slug":"craftday","status":"publish","type":"page","link":"https:\/\/blog.socraft.io\/en\/craftday\/","title":{"rendered":"Craftday"},"content":{"rendered":"<div data-elementor-type=\"wp-page\" data-elementor-id=\"88437\" class=\"elementor elementor-88437\" data-elementor-post-type=\"page\">\n\t\t\t\t\t\t<section class=\"elementor-section elementor-top-section elementor-element elementor-element-6fb4048 elementor-section-full_width elementor-section-height-default elementor-section-height-default\" data-id=\"6fb4048\" data-element_type=\"section\">\n\t\t\t\t\t\t<div class=\"elementor-container elementor-column-gap-no\">\n\t\t\t\t\t<div class=\"elementor-column elementor-col-100 elementor-top-column elementor-element elementor-element-5242764f\" data-id=\"5242764f\" data-element_type=\"column\">\n\t\t\t<div class=\"elementor-widget-wrap elementor-element-populated\">\n\t\t\t\t\t\t<div class=\"elementor-element elementor-element-42dec315 elementor-widget elementor-widget-template\" data-id=\"42dec315\" data-element_type=\"widget\" data-widget_type=\"template.default\">\n\t\t\t\t<div class=\"elementor-widget-container\">\n\t\t\t\t\t<div class=\"elementor-template\">\n\t\t\t\t\t<div data-elementor-type=\"section\" data-elementor-id=\"85113\" class=\"elementor elementor-85113\" data-elementor-post-type=\"elementor_library\">\n\t\t\t\t\t<section class=\"elementor-section elementor-top-section elementor-element elementor-element-52fd32db elementor-section-full_width elementor-section-height-default elementor-section-height-default\" data-id=\"52fd32db\" data-element_type=\"section\">\n\t\t\t\t\t\t<div class=\"elementor-container elementor-column-gap-no\">\n\t\t\t\t\t<div class=\"elementor-column elementor-col-100 elementor-top-column elementor-element elementor-element-73c19a1f\" data-id=\"73c19a1f\" data-element_type=\"column\">\n\t\t\t<div class=\"elementor-widget-wrap elementor-element-populated\">\n\t\t\t\t\t\t<div class=\"elementor-element elementor-element-1ff8073 elementor-widget elementor-widget-spacer\" data-id=\"1ff8073\" data-element_type=\"widget\" data-widget_type=\"spacer.default\">\n\t\t\t\t<div class=\"elementor-widget-container\">\n\t\t\t\t\t<div class=\"elementor-spacer\">\n\t\t\t<div class=\"elementor-spacer-inner\"><\/div>\n\t\t<\/div>\n\t\t\t\t<\/div>\n\t\t\t\t<\/div>\n\t\t\t\t\t<\/div>\n\t\t<\/div>\n\t\t\t\t\t<\/div>\n\t\t<\/section>\n\t\t\t\t<\/div>\n\t\t\t\t<\/div>\n\t\t\t\t<\/div>\n\t\t\t\t<\/div>\n\t\t\t\t\t<\/div>\n\t\t<\/div>\n\t\t\t\t\t<\/div>\n\t\t<\/section>\n\t\t\t\t<section class=\"elementor-section elementor-top-section elementor-element elementor-element-73550d4d elementor-section-boxed elementor-section-height-default elementor-section-height-default\" data-id=\"73550d4d\" data-element_type=\"section\">\n\t\t\t\t\t\t<div class=\"elementor-container elementor-column-gap-wide\">\n\t\t\t\t\t<div class=\"elementor-column elementor-col-100 elementor-top-column elementor-element elementor-element-7abd2ef5\" data-id=\"7abd2ef5\" data-element_type=\"column\">\n\t\t\t<div class=\"elementor-widget-wrap elementor-element-populated\">\n\t\t\t\t\t\t<div class=\"elementor-element elementor-element-678c8ef4 elementor-widget elementor-widget-heading\" data-id=\"678c8ef4\" data-element_type=\"widget\" data-widget_type=\"heading.default\">\n\t\t\t\t<div class=\"elementor-widget-container\">\n\t\t\t<h2 class=\"elementor-heading-title elementor-size-default\">CRAFTDAY<\/h2>\t\t<\/div>\n\t\t\t\t<\/div>\n\t\t\t\t\t<\/div>\n\t\t<\/div>\n\t\t\t\t\t<\/div>\n\t\t<\/section>\n\t\t<div class=\"elementor-element elementor-element-5f703450 e-flex e-con-boxed e-con e-parent\" data-id=\"5f703450\" data-element_type=\"container\">\n\t\t\t\t\t<div class=\"e-con-inner\">\n\t\t\t\t<div class=\"elementor-element elementor-element-59910e1d elementor-widget elementor-widget-heading\" data-id=\"59910e1d\" data-element_type=\"widget\" data-widget_type=\"heading.default\">\n\t\t\t\t<div class=\"elementor-widget-container\">\n\t\t\t<h2 class=\"elementor-heading-title elementor-size-default\">one day to craft your innovation<\/h2>\t\t<\/div>\n\t\t\t\t<\/div>\n\t\t\t\t\t<\/div>\n\t\t\t\t<\/div>\n\t\t<div class=\"elementor-element elementor-element-2da20abb e-flex e-con-boxed e-con e-parent\" data-id=\"2da20abb\" data-element_type=\"container\">\n\t\t\t\t\t<div class=\"e-con-inner\">\n\t\t\t\t<div class=\"elementor-element elementor-element-6c41d275 elementor-widget elementor-widget-video\" data-id=\"6c41d275\" data-element_type=\"widget\" data-settings=\"{&quot;youtube_url&quot;:&quot;https:\\\/\\\/youtu.be\\\/ksBGwTJBIoM&quot;,&quot;lazy_load&quot;:&quot;yes&quot;,&quot;video_type&quot;:&quot;youtube&quot;}\" data-widget_type=\"video.default\">\n\t\t\t\t<div class=\"elementor-widget-container\">\n\t\t\t\t\t<div class=\"elementor-wrapper elementor-open-inline\">\n\t\t\t<div class=\"elementor-video\"><\/div>\t\t<\/div>\n\t\t\t\t<\/div>\n\t\t\t\t<\/div>\n\t\t\t\t\t<\/div>\n\t\t\t\t<\/div>\n\t\t<div class=\"elementor-element elementor-element-75600efd e-flex e-con-boxed e-con e-parent\" data-id=\"75600efd\" data-element_type=\"container\">\n\t\t\t\t\t<div class=\"e-con-inner\">\n\t\t\t\t<div class=\"elementor-element elementor-element-33d59d7e elementor-widget elementor-widget-text-editor\" data-id=\"33d59d7e\" data-element_type=\"widget\" data-widget_type=\"text-editor.default\">\n\t\t\t\t<div class=\"elementor-widget-container\">\n\t\t\t\t\t\t\t<center>A unique, creative and collaborative event for your teams.<\/center><center>Together with your teams, we will spend between half a day and a full day working on a problem encountered by your organization.<\/center><center>Total immersion in the socraft universe!<\/center>\t\t\t\t\t\t<\/div>\n\t\t\t\t<\/div>\n\t\t\t\t\t<\/div>\n\t\t\t\t<\/div>\n\t\t\t\t<\/div>","protected":false},"excerpt":{"rendered":"<p>CRAFTDAY one day to craft your innovation https:\/\/youtu.be\/ksBGwTJBIoMUn \u00e9v\u00e9nement unique, cr\u00e9atif et collaboratif pour vos \u00e9quipes.Nous nous donnons avec vos \u00e9quipes entre une demi-journ\u00e9e et une journ\u00e9e pour r\u00e9pondre \u00e0 une probl\u00e9matique rencontr\u00e9e par votre organisation.Une immersion totale dans l\u2019univers socraft !<\/p>","protected":false},"author":1,"featured_media":0,"parent":0,"menu_order":0,"comment_status":"closed","ping_status":"closed","template":"","meta":{"arc_restricted_post":false,"_monsterinsights_skip_tracking":false,"_monsterinsights_sitenote_active":false,"_monsterinsights_sitenote_note":"","_monsterinsights_sitenote_category":0,"footnotes":""},"ppma_author":[316],"class_list":["post-88437","page","type-page","status-publish","hentry"],"yoast_head":"<!-- This site is optimized with the Yoast SEO plugin v24.5 - https:\/\/yoast.com\/wordpress\/plugins\/seo\/ -->\n<title>Craftday - socraft - blog<\/title>\n<meta name=\"robots\" content=\"index, follow, max-snippet:-1, max-image-preview:large, max-video-preview:-1\" \/>\n<link rel=\"canonical\" href=\"https:\/\/blog.socraft.io\/en\/craftday\/\" \/>\n<meta property=\"og:locale\" content=\"en_GB\" \/>\n<meta property=\"og:type\" content=\"article\" \/>\n<meta property=\"og:title\" content=\"Craftday - socraft - blog\" \/>\n<meta property=\"og:description\" content=\"CRAFTDAY one day to craft your innovation https:\/\/youtu.be\/ksBGwTJBIoMUn \u00e9v\u00e9nement unique, cr\u00e9atif et collaboratif pour vos \u00e9quipes.Nous nous donnons avec vos \u00e9quipes entre une demi-journ\u00e9e et une journ\u00e9e pour r\u00e9pondre \u00e0 une probl\u00e9matique rencontr\u00e9e par votre organisation.Une immersion totale dans l\u2019univers socraft !\" \/>\n<meta property=\"og:url\" content=\"https:\/\/blog.socraft.io\/en\/craftday\/\" \/>\n<meta property=\"og:site_name\" content=\"socraft - blog\" \/>\n<meta property=\"article:publisher\" content=\"https:\/\/www.facebook.com\/socraft.ch\" \/>\n<meta property=\"article:modified_time\" content=\"2023-09-01T07:41:00+00:00\" \/>\n<meta name=\"twitter:card\" content=\"summary_large_image\" \/>\n<meta name=\"twitter:site\" content=\"@socraftch\" \/>\n<meta name=\"twitter:label1\" content=\"Estimated reading time\" \/>\n\t<meta name=\"twitter:data1\" content=\"1 minute\" \/>\n<script type=\"application\/ld+json\" class=\"yoast-schema-graph\">{\"@context\":\"https:\/\/schema.org\",\"@graph\":[{\"@type\":\"WebPage\",\"@id\":\"https:\/\/blog.socraft.io\/craftday\/\",\"url\":\"https:\/\/blog.socraft.io\/craftday\/\",\"name\":\"Craftday - socraft - blog\",\"isPartOf\":{\"@id\":\"https:\/\/blog.socraft.io\/#website\"},\"datePublished\":\"2023-06-09T17:22:43+00:00\",\"dateModified\":\"2023-09-01T07:41:00+00:00\",\"breadcrumb\":{\"@id\":\"https:\/\/blog.socraft.io\/craftday\/#breadcrumb\"},\"inLanguage\":\"en-GB\",\"potentialAction\":[{\"@type\":\"ReadAction\",\"target\":[\"https:\/\/blog.socraft.io\/craftday\/\"]}]},{\"@type\":\"BreadcrumbList\",\"@id\":\"https:\/\/blog.socraft.io\/craftday\/#breadcrumb\",\"itemListElement\":[{\"@type\":\"ListItem\",\"position\":1,\"name\":\"Accueil\",\"item\":\"https:\/\/blog.socraft.io\/\"},{\"@type\":\"ListItem\",\"position\":2,\"name\":\"Craftday\"}]},{\"@type\":\"WebSite\",\"@id\":\"https:\/\/blog.socraft.io\/#website\",\"url\":\"https:\/\/blog.socraft.io\/\",\"name\":\"socraft - blog\",\"description\":\"socraft - les artisans du num\u00e9rique\",\"publisher\":{\"@id\":\"https:\/\/blog.socraft.io\/#organization\"},\"potentialAction\":[{\"@type\":\"SearchAction\",\"target\":{\"@type\":\"EntryPoint\",\"urlTemplate\":\"https:\/\/blog.socraft.io\/?s={search_term_string}\"},\"query-input\":{\"@type\":\"PropertyValueSpecification\",\"valueRequired\":true,\"valueName\":\"search_term_string\"}}],\"inLanguage\":\"en-GB\"},{\"@type\":\"Organization\",\"@id\":\"https:\/\/blog.socraft.io\/#organization\",\"name\":\"socraft\",\"url\":\"https:\/\/blog.socraft.io\/\",\"logo\":{\"@type\":\"ImageObject\",\"inLanguage\":\"en-GB\",\"@id\":\"https:\/\/blog.socraft.io\/#\/schema\/logo\/image\/\",\"url\":\"https:\/\/blog.socraft.io\/wp-content\/uploads\/2024\/04\/socraft-logo-noir2.png\",\"contentUrl\":\"https:\/\/blog.socraft.io\/wp-content\/uploads\/2024\/04\/socraft-logo-noir2.png\",\"width\":400,\"height\":94,\"caption\":\"socraft\"},\"image\":{\"@id\":\"https:\/\/blog.socraft.io\/#\/schema\/logo\/image\/\"},\"sameAs\":[\"https:\/\/www.facebook.com\/socraft.ch\",\"https:\/\/x.com\/socraftch\",\"https:\/\/www.linkedin.com\/company\/socraft-ch\",\"https:\/\/www.instagram.com\/socraft.ch\"]}]}<\/script>\n<!-- \/ Yoast SEO plugin. -->","yoast_head_json":{"title":"Craftday - socraft - blog","robots":{"index":"index","follow":"follow","max-snippet":"max-snippet:-1","max-image-preview":"max-image-preview:large","max-video-preview":"max-video-preview:-1"},"canonical":"https:\/\/blog.socraft.io\/en\/craftday\/","og_locale":"en_GB","og_type":"article","og_title":"Craftday - socraft - blog","og_description":"CRAFTDAY one day to craft your innovation https:\/\/youtu.be\/ksBGwTJBIoMUn \u00e9v\u00e9nement unique, cr\u00e9atif et collaboratif pour vos \u00e9quipes.Nous nous donnons avec vos \u00e9quipes entre une demi-journ\u00e9e et une journ\u00e9e pour r\u00e9pondre \u00e0 une probl\u00e9matique rencontr\u00e9e par votre organisation.Une immersion totale dans l\u2019univers socraft !","og_url":"https:\/\/blog.socraft.io\/en\/craftday\/","og_site_name":"socraft - blog","article_publisher":"https:\/\/www.facebook.com\/socraft.ch","article_modified_time":"2023-09-01T07:41:00+00:00","twitter_card":"summary_large_image","twitter_site":"@socraftch","twitter_misc":{"Estimated reading time":"1 minute"},"schema":{"@context":"https:\/\/schema.org","@graph":[{"@type":"WebPage","@id":"https:\/\/blog.socraft.io\/craftday\/","url":"https:\/\/blog.socraft.io\/craftday\/","name":"Craftday - socraft - blog","isPartOf":{"@id":"https:\/\/blog.socraft.io\/#website"},"datePublished":"2023-06-09T17:22:43+00:00","dateModified":"2023-09-01T07:41:00+00:00","breadcrumb":{"@id":"https:\/\/blog.socraft.io\/craftday\/#breadcrumb"},"inLanguage":"en-GB","potentialAction":[{"@type":"ReadAction","target":["https:\/\/blog.socraft.io\/craftday\/"]}]},{"@type":"BreadcrumbList","@id":"https:\/\/blog.socraft.io\/craftday\/#breadcrumb","itemListElement":[{"@type":"ListItem","position":1,"name":"Accueil","item":"https:\/\/blog.socraft.io\/"},{"@type":"ListItem","position":2,"name":"Craftday"}]},{"@type":"WebSite","@id":"https:\/\/blog.socraft.io\/#website","url":"https:\/\/blog.socraft.io\/","name":"socraft - blog","description":"socraft - les artisans du num\u00e9rique","publisher":{"@id":"https:\/\/blog.socraft.io\/#organization"},"potentialAction":[{"@type":"SearchAction","target":{"@type":"EntryPoint","urlTemplate":"https:\/\/blog.socraft.io\/?s={search_term_string}"},"query-input":{"@type":"PropertyValueSpecification","valueRequired":true,"valueName":"search_term_string"}}],"inLanguage":"en-GB"},{"@type":"Organization","@id":"https:\/\/blog.socraft.io\/#organization","name":"socraft","url":"https:\/\/blog.socraft.io\/","logo":{"@type":"ImageObject","inLanguage":"en-GB","@id":"https:\/\/blog.socraft.io\/#\/schema\/logo\/image\/","url":"https:\/\/blog.socraft.io\/wp-content\/uploads\/2024\/04\/socraft-logo-noir2.png","contentUrl":"https:\/\/blog.socraft.io\/wp-content\/uploads\/2024\/04\/socraft-logo-noir2.png","width":400,"height":94,"caption":"socraft"},"image":{"@id":"https:\/\/blog.socraft.io\/#\/schema\/logo\/image\/"},"sameAs":["https:\/\/www.facebook.com\/socraft.ch","https:\/\/x.com\/socraftch","https:\/\/www.linkedin.com\/company\/socraft-ch","https:\/\/www.instagram.com\/socraft.ch"]}]}},"_links":{"self":[{"href":"https:\/\/blog.socraft.io\/en\/wp-json\/wp\/v2\/pages\/88437","targetHints":{"allow":["GET"]}}],"collection":[{"href":"https:\/\/blog.socraft.io\/en\/wp-json\/wp\/v2\/pages"}],"about":[{"href":"https:\/\/blog.socraft.io\/en\/wp-json\/wp\/v2\/types\/page"}],"author":[{"embeddable":true,"href":"https:\/\/blog.socraft.io\/en\/wp-json\/wp\/v2\/users\/1"}],"replies":[{"embeddable":true,"href":"https:\/\/blog.socraft.io\/en\/wp-json\/wp\/v2\/comments?post=88437"}],"version-history":[{"count":10,"href":"https:\/\/blog.socraft.io\/en\/wp-json\/wp\/v2\/pages\/88437\/revisions"}],"predecessor-version":[{"id":89363,"href":"https:\/\/blog.socraft.io\/en\/wp-json\/wp\/v2\/pages\/88437\/revisions\/89363"}],"wp:attachment":[{"href":"https:\/\/blog.socraft.io\/en\/wp-json\/wp\/v2\/media?parent=88437"}],"wp:term":[{"taxonomy":"author","embeddable":true,"href":"https:\/\/blog.socraft.io\/en\/wp-json\/wp\/v2\/ppma_author?post=88437"}],"curies":[{"name":"wp","href":"https:\/\/api.w.org\/{rel}","templated":true}]}}